{"id":3143,"date":"2021-08-08T12:30:16","date_gmt":"2021-08-08T10:30:16","guid":{"rendered":"https:\/\/www.lindenhof-niederrhein.de\/?page_id=3143"},"modified":"2021-08-08T12:30:16","modified_gmt":"2021-08-08T10:30:16","slug":"shipping-payment","status":"publish","type":"page","link":"https:\/\/www.lindenhof-niederrhein.de\/en\/shop\/shipping-payment\/","title":{"rendered":"Shipping &#038; Payment"},"content":{"rendered":"<h2>Preise und Versandkosten<\/h2>\n<p>Die H\u00f6he des Kaufpreises f\u00fcr die Lindenhof-Gutscheine entspricht den zum Zeitpunkt der Bestellung auf den jeweiligen Bestellscheinen in Euro angegebenen Preisen. Die ausgezeichneten Preise sind Endpreise inklusive der jeweils geltenden gesetzlichen Umsatzsteuer.<\/p>\n<p>Versandkosten sind vom K\u00e4ufer zu tragen und von der Versandart, der Gr\u00f6\u00dfe und dem Gewicht der zu versendenden und bestellten Waren abh\u00e4ngig. \u00dcber die H\u00f6he der Versandkosten wird der K\u00e4ufer w\u00e4hrend des Bestellvorgangs eindeutig informiert, die H\u00f6he der Versandkosten wird vor Abschluss des Bestellvorgangs eindeutig offengelegt.<\/p>\n<p>Sofern der K\u00e4ufer von seinem Widerrufsrecht nach \u00a7 3.3) dieser Gesch\u00e4ftsbedingungen Gebrauch macht, hat er die Kosten der R\u00fccksendung zu tragen, wenn die gelieferte Ware der bestellten entspricht und wenn der Preis der zur\u00fcckzusendenden Sache einen Betrag von Euro 40,&#8211; nicht \u00fcbersteigt, oder wenn der K\u00e4ufer bei einem h\u00f6heren Preis der Sache zum Zeitpunkt des Widerrufs noch nicht die Gegenleistung oder die vertraglich vereinbarte Teilzahlung erbracht hat. Andernfalls ist die R\u00fccksendung f\u00fcr den K\u00e4ufer kostenfrei.<\/p>\n<h3>Zahlung, F\u00e4lligkeit und Rechnungsstellung<\/h3>\n<p>Der K\u00e4ufer hat den Kaufpreis im Voraus zu entrichten. Der Kaufpreis ist sofort nach Aufgabe der Bestellung f\u00e4llig.<\/p>\n<p>Die Bezahlung erfolgt \u00fcber unseren Zahlungsanbeiter PayPal (PayPal, Lastschrift, giropay, Sofort, Kreditkarte) oder per Vorab-\u00dcberweisung. Wird Zahlung per \u00dcberweisung gew\u00e4hlt, erh\u00e4lt der K\u00e4ufer einen Proforma Zahlungshinweis. Sobald der K\u00e4ufer den auf dem Proforma Zahlungshinweis ausgewiesenen Betrag \u00fcberwiesen hat und ein Geldeingang auf den Konten des G\u00e4stehauses Lindenhof festgestellt wurde, wird der Geschenkgutschein zur Versendung gebracht. Der Versand erfolgt in der Regel per E-Mail. Erfolgt die Zahlung mittels Paypal, wird der Gutschein automatisch direkt nach der Zahlungsbest\u00e4tigung per E-Mail versandt.<\/p>\n<p>\u00dcber die Zahlung des Lindenhof-Gutscheines erh\u00e4lt der K\u00e4ufer einen auf Euro lautenden Zahlungshinweis, der eventuell enthaltene Umsatzsteuerbetr\u00e4ge ausweist. Der Zahlungshinweis wird dem K\u00e4ufer mit der Bestellung des Lindenhof-Gutscheins \u00fcbermittelt.<\/p>\n","protected":false},"excerpt":{"rendered":"<p>Preise und Versandkosten Die H\u00f6he des Kaufpreises f\u00fcr die Lindenhof-Gutscheine entspricht den zum Zeitpunkt der Bestellung auf den jeweiligen Bestellscheinen in Euro angegebenen Preisen. Die ausgezeichneten Preise sind Endpreise inklusive der jeweils geltenden gesetzlichen Umsatzsteuer. Versandkosten sind vom K\u00e4ufer zu tragen und von der Versandart, der Gr\u00f6\u00dfe und dem Gewicht der zu versendenden und bestellten [&hellip;]<\/p>\n","protected":false},"author":1,"featured_media":0,"parent":2232,"menu_order":0,"comment_status":"closed","ping_status":"closed","template":"","meta":{"_acf_changed":false,"inline_featured_image":false,"footnotes":""},"class_list":["post-3143","page","type-page","status-publish","hentry"],"acf":[],"_links":{"self":[{"href":"https:\/\/www.lindenhof-niederrhein.de\/en\/wp-json\/wp\/v2\/pages\/3143","targetHints":{"allow":["GET"]}}],"collection":[{"href":"https:\/\/www.lindenhof-niederrhein.de\/en\/wp-json\/wp\/v2\/pages"}],"about":[{"href":"https:\/\/www.lindenhof-niederrhein.de\/en\/wp-json\/wp\/v2\/types\/page"}],"author":[{"embeddable":true,"href":"https:\/\/www.lindenhof-niederrhein.de\/en\/wp-json\/wp\/v2\/users\/1"}],"replies":[{"embeddable":true,"href":"https:\/\/www.lindenhof-niederrhein.de\/en\/wp-json\/wp\/v2\/comments?post=3143"}],"version-history":[{"count":1,"href":"https:\/\/www.lindenhof-niederrhein.de\/en\/wp-json\/wp\/v2\/pages\/3143\/revisions"}],"predecessor-version":[{"id":3144,"href":"https:\/\/www.lindenhof-niederrhein.de\/en\/wp-json\/wp\/v2\/pages\/3143\/revisions\/3144"}],"up":[{"embeddable":true,"href":"https:\/\/www.lindenhof-niederrhein.de\/en\/wp-json\/wp\/v2\/pages\/2232"}],"wp:attachment":[{"href":"https:\/\/www.lindenhof-niederrhein.de\/en\/wp-json\/wp\/v2\/media?parent=3143"}],"curies":[{"name":"wp","href":"https:\/\/api.w.org\/{rel}","templated":true}]}}